{"id":3547,"date":"2026-01-29T23:40:28","date_gmt":"2026-01-29T23:40:28","guid":{"rendered":"https:\/\/eswork.eu\/b2b-pieprasijums\/"},"modified":"2026-03-29T15:22:38","modified_gmt":"2026-03-29T15:22:38","slug":"b2b-pieprasijums","status":"publish","type":"page","link":"https:\/\/eswork.eu\/lv\/b2b-pieprasijums\/","title":{"rendered":"B2B piepras\u012bjums"},"content":{"rendered":"\t\t<div data-elementor-type=\"wp-page\" data-elementor-id=\"3547\" class=\"elementor elementor-3547 elementor-2805\">\n\t\t\t\t<div class=\"elementor-element elementor-element-902eccc e-flex e-con-boxed e-con e-parent\" data-id=\"902eccc\" data-element_type=\"container\" data-e-type=\"container\">\n\t\t\t\t\t<div class=\"e-con-inner\">\n\t\t<div class=\"elementor-element elementor-element-81c46b0 e-con-full e-flex e-con e-child\" data-id=\"81c46b0\" data-element_type=\"container\" data-e-type=\"container\">\n\t\t<div class=\"elementor-element elementor-element-97f4687 e-con-full e-flex e-con e-child\" data-id=\"97f4687\" data-element_type=\"container\" data-e-type=\"container\">\n\t\t\t\t<div class=\"elementor-element elementor-element-92da55e elementor-widget elementor-widget-jobaway_video_section\" data-id=\"92da55e\" data-element_type=\"widget\" data-e-type=\"widget\" data-widget_type=\"jobaway_video_section.default\">\n\t\t\t\t<div class=\"elementor-widget-container\">\n\t\t\t\t\t    \r\n        \r\n    <div class=\"video_block_one\">\r\n        <div class=\"video-box p_relative pt_40 pb_40 pl_30 centred\">\r\n                        <div class=\"image-layer\">\r\n                <figure class=\"image-1\"><img decoding=\"async\" src=\"https:\/\/eswork.eu\/wp-content\/uploads\/2024\/07\/video-3-1.jpg\" alt=\"ES WORK\"><\/figure>                <figure class=\"image-2\"><img decoding=\"async\" src=\"https:\/\/eswork.eu\/wp-content\/uploads\/2024\/07\/video-2-1.jpg\" alt=\"ES WORK\"><\/figure>            <\/div>\r\n                        <div class=\"video-inner\"  style=\"background-image: url('https:\/\/eswork.eu\/wp-content\/uploads\/2026\/01\/eswork-about-us.png');\">\r\n                                <div class=\"video-content\">\r\n                                        <a href=\"https:\/\/www.youtube.com\/watch?v=oClwM26g7ew\" class=\"lightbox-image video-btn\" data-caption=\"\">\r\n                    \t                            <i class=\" icon-8\"><\/i>                                                <span class=\"border-animation border-1\"><\/span><span class=\"border-animation border-2\"><\/span><span class=\"border-animation border-3\"><\/span>\r\n                    <\/a>\r\n                                        <h6>Uzziniet, k\u0101 m\u0113s str\u0101d\u0101jam<\/h6>                <\/div>\r\n                            <\/div>\r\n        <\/div>\r\n    <\/div>\r\n        \r\n        \t\t\t\t<\/div>\n\t\t\t\t<\/div>\n\t\t\t\t<\/div>\n\t\t<div class=\"elementor-element elementor-element-1ce8f0d e-con-full e-flex e-con e-child\" data-id=\"1ce8f0d\" data-element_type=\"container\" data-e-type=\"container\">\n\t\t\t\t<div class=\"elementor-element elementor-element-5ee2411 elementor-widget elementor-widget-jobaway_hero_title\" data-id=\"5ee2411\" data-element_type=\"widget\" data-e-type=\"widget\" data-widget_type=\"jobaway_hero_title.default\">\n\t\t\t\t<div class=\"elementor-widget-container\">\n\t\t\t\t\t    \r\n    <div class=\"sec-title build-title-wrap te-box-title sec-title-animation animation-style2\">\r\n        \t\t<span class=\"sub-title title-animation te-bn-subtitle\">Par mums<\/span>        \t\r\n        <h2 class=\"te-bn-title title-animation jobaway-size-default\">J\u016bsu uzticamais <span>person\u0101la atlases partneris<\/span> un projektu nodro\u0161in\u0101\u0161an\u0101<\/h2>                <div class=\"text-box te-bn-text\">\r\n            <p><p>M\u0113s esam starptautisks person\u0101la atlases uz\u0146\u0113mums, kas specializ\u0113jas b\u016bvniec\u012bbas, r\u016bpniec\u012bbas un tehnisko profesiju jom\u0101. M\u016bsu m\u0113r\u0137is ir veidot ilgtermi\u0146a partnerattiec\u012bbas starp uz\u0146\u0113mumiem un kvalific\u0113tiem speci\u0101listiem.<\/p>\n<\/p>\r\n        <\/div>\r\n            <\/div>          \r\n    \r\n    \t\t\t\t<\/div>\n\t\t\t\t<\/div>\n\t\t\t\t<div class=\"elementor-element elementor-element-73f92ff elementor-widget elementor-widget-menu-anchor\" data-id=\"73f92ff\" data-element_type=\"widget\" data-e-type=\"widget\" data-widget_type=\"menu-anchor.default\">\n\t\t\t\t\t\t\t<div class=\"elementor-menu-anchor\" id=\"B2Bforma\"><\/div>\n\t\t\t\t\t\t<\/div>\n\t\t\t\t<div class=\"elementor-element elementor-element-93086a6 elementor-widget elementor-widget-jobaway_feature_list_widget\" data-id=\"93086a6\" data-element_type=\"widget\" data-e-type=\"widget\" data-widget_type=\"jobaway_feature_list_widget.default\">\n\t\t\t\t<div class=\"elementor-widget-container\">\n\t\t\t\t\t    \r\n        \r\n        \r\n    <ul class=\"list-style-one clearfix\">\r\n        <li>Samazina person\u0101la tr\u016bkumu kritisk\u0101s projektu f\u0101z\u0113s<\/li>\r\n    <\/ul>  \r\n    \t            \r\n    \t\t\t\t<\/div>\n\t\t\t\t<\/div>\n\t\t\t\t<div class=\"elementor-element elementor-element-be954e7 elementor-widget elementor-widget-jobaway_feature_list_widget\" data-id=\"be954e7\" data-element_type=\"widget\" data-e-type=\"widget\" data-widget_type=\"jobaway_feature_list_widget.default\">\n\t\t\t\t<div class=\"elementor-widget-container\">\n\t\t\t\t\t    \r\n        \r\n        \r\n    <ul class=\"list-style-one clearfix\">\r\n        <li>Piek\u013cuve nekav\u0113joties pieejamiem un p\u0101rbaud\u012btiem speci\u0101listiem<\/li>\r\n    <\/ul>  \r\n    \t            \r\n    \t\t\t\t<\/div>\n\t\t\t\t<\/div>\n\t\t\t\t<div class=\"elementor-element elementor-element-776a146 elementor-widget elementor-widget-jobaway_feature_list_widget\" data-id=\"776a146\" data-element_type=\"widget\" data-e-type=\"widget\" data-widget_type=\"jobaway_feature_list_widget.default\">\n\t\t\t\t<div class=\"elementor-widget-container\">\n\t\t\t\t\t    \r\n        \r\n        \r\n    <ul class=\"list-style-one clearfix\">\r\n        <li>Nevainojama norise, pateicoties pieredz\u0113ju\u0161\u0101m projektu komand\u0101m<\/li>\r\n    <\/ul>  \r\n    \t            \r\n    \t\t\t\t<\/div>\n\t\t\t\t<\/div>\n\t\t\t\t<\/div>\n\t\t\t\t<\/div>\n\t\t<div class=\"elementor-element elementor-element-fd70c90 e-con-full e-flex e-con e-child\" data-id=\"fd70c90\" data-element_type=\"container\" data-e-type=\"container\">\n\t\t\t\t<div class=\"elementor-element elementor-element-bab7b54 elementor-widget elementor-widget-spacer\" data-id=\"bab7b54\" data-element_type=\"widget\" data-e-type=\"widget\" data-widget_type=\"spacer.default\">\n\t\t\t\t\t\t\t<div class=\"elementor-spacer\">\n\t\t\t<div class=\"elementor-spacer-inner\"><\/div>\n\t\t<\/div>\n\t\t\t\t\t\t<\/div>\n\t\t\t\t<div class=\"elementor-element elementor-element-cb6986f elementor-widget elementor-widget-shortcode\" data-id=\"cb6986f\" data-element_type=\"widget\" data-e-type=\"widget\" data-widget_type=\"shortcode.default\">\n\t\t\t\t\t\t\t<div class=\"elementor-shortcode\"><div class='fluentform ff-default fluentform_wrapper_16 ffs_default_wrap'><form data-form_id=\"16\" id=\"fluentform_16\" class=\"frm-fluent-form fluent_form_16 ff-el-form-top ff_form_instance_16_1 ff-form-loading ff-form-has-steps extra css class ffs_default\" data-form_instance=\"ff_form_instance_16_1\" method=\"POST\" ><fieldset  style=\"border: none!important;margin: 0!important;padding: 0!important;background-color: transparent!important;box-shadow: none!important;outline: none!important; min-inline-size: 100%;\">\n                    <legend class=\"ff_screen_reader_title\" style=\"display: block; margin: 0!important;padding: 0!important;height: 0!important;text-indent: -999999px;width: 0!important;overflow:hidden;\">Jetzt Fachkr\u00e4fte einstellen-B2B (#16)<\/legend><input type='hidden' name='__fluent_form_embded_post_id' value='3547' \/><input type=\"hidden\" id=\"_fluentform_16_fluentformnonce\" name=\"_fluentform_16_fluentformnonce\" value=\"536e139fa8\" \/><input type=\"hidden\" name=\"_wp_http_referer\" value=\"\/lv\/wp-json\/wp\/v2\/pages\/3547\" \/><div class='ff-step-container' data-name=\"step_start-16_5\" data-disable_auto_focus=\"no\" data-enable_auto_slider=\"no\" data-enable_step_data_persistency=\"no\" data-enable_step_page_resume=\"no\" data-animation_type=\"slide\" ><div class='ff-step-header'><div class='ff-el-progress-status' aria-live='polite'><\/div>\n            <div class='ff-el-progress'>\n                <div role='progressbar'  class='ff-el-progress-bar'><span><\/span><\/div>\n            <\/div>\n            <ul style='display: none' class='ff-el-progress-title'>\n                <li><\/li><li><\/li><li><\/li><li><\/li><li><\/li>\n            <\/ul><\/div><span class='ff_step_start'><\/span><div class='ff-step-body'><div class=\"fluentform-step active\" data-name=\"step_start-16_5\" data-disable_auto_focus=\"no\" data-enable_auto_slider=\"no\" data-enable_step_data_persistency=\"no\" data-enable_step_page_resume=\"no\" data-animation_type=\"slide\" ><div class='ff-el-group'><div class=\"ff-el-input--label ff-el-is-required\"><label   aria-label=\"J\u016bsu loma uz\u0146\u0113mum\u0101?\">J\u016bsu loma uz\u0146\u0113mum\u0101?<\/label><\/div><div class='ff-el-input--content'><div class='ff-el-help-message ff_ahm'>S\u0101ciet savu bezmaksas person\u0101la atlases anal\u012bzi tagad \u2013 pie\u0146emiet darb\u0101 kvalific\u0113tus speci\u0101listus 30 dien\u0101s. Rakstveid\u0101 garant\u0113ts. <\/div><div class='ff-el-form-check ff-el-form-check-'><label class='ff-el-form-check-label' for='input_radio_654b73ea956598ec5139c10c71e8b8e0'><input  type=\"radio\" name=\"input_radio\" data-name=\"input_radio\" class=\"ff-el-form-check-input ff-el-form-check-radio\" value=\"Gesch\u00e4ftsf\u00fchrung\"  id='input_radio_654b73ea956598ec5139c10c71e8b8e0' aria-label='Vad\u012bba' aria-invalid='false' aria-required=true> <span>Vad\u012bba<\/span><\/label><\/div><div class='ff-el-form-check ff-el-form-check-'><label class='ff-el-form-check-label' for='input_radio_d9655a1ce44e5880cb8bfbd34ea23646'><input  type=\"radio\" name=\"input_radio\" data-name=\"input_radio\" class=\"ff-el-form-check-input ff-el-form-check-radio\" value=\"B\u00fcro \/ HR\"  id='input_radio_d9655a1ce44e5880cb8bfbd34ea23646' aria-label='Birojs \/ Person\u0101ls' aria-invalid='false' aria-required=true> <span>Birojs \/ Person\u0101ls<\/span><\/label><\/div><\/div><\/div><div class='step-nav ff_step_nav_last'><button style='float: left;'  type='button' data-action='prev' class='ff-btn ff-btn-prev ff-btn-secondary' aria-label='Iepriek\u0161\u0113jais'>Iepriek\u0161\u0113jais<\/button><button style='float: right;'  type='button' data-action='next' class='ff-float-right ff-btn ff-btn-next ff-btn-secondary' aria-label='N\u0101kamais'>N\u0101kamais<\/button><\/div><\/div><div style='display: none;' class=\" fluentform-step\" data-name=\"form_step-16_1\" ><div class='ff-el-group'><div class=\"ff-el-input--label ff-el-is-required\"><label   aria-label=\"Cik darbinieku ir J\u016bsu uz\u0146\u0113mum\u0101?\">Cik darbinieku ir J\u016bsu uz\u0146\u0113mum\u0101?<\/label><\/div><div class='ff-el-input--content'><div class='ff-el-form-check ff-el-form-check-'><label class='ff-el-form-check-label' for='input_radio_1_146f91cdc00bf731637ac80218bb7212'><input  type=\"radio\" name=\"input_radio_1\" data-name=\"input_radio_1\" class=\"ff-el-form-check-input ff-el-form-check-radio\" value=\"0 bis 3 Mitarbeiter\"  id='input_radio_1_146f91cdc00bf731637ac80218bb7212' aria-label='0 l\u012bdz 3 darbinieki' aria-invalid='false' aria-required=true> <span>0 l\u012bdz 3 darbinieki<\/span><\/label><\/div><div class='ff-el-form-check ff-el-form-check-'><label class='ff-el-form-check-label' for='input_radio_1_9f4aea1b829e01a83d8be574de06f01e'><input  type=\"radio\" name=\"input_radio_1\" data-name=\"input_radio_1\" class=\"ff-el-form-check-input ff-el-form-check-radio\" value=\"4 bis 10 Mitarbeiter\"  id='input_radio_1_9f4aea1b829e01a83d8be574de06f01e' aria-label='4 l\u012bdz 10 darbinieki' aria-invalid='false' aria-required=true> <span>4 l\u012bdz 10 darbinieki<\/span><\/label><\/div><div class='ff-el-form-check ff-el-form-check-'><label class='ff-el-form-check-label' for='input_radio_1_8f9a7fbb9efc4643897f7a5d670c2059'><input  type=\"radio\" name=\"input_radio_1\" data-name=\"input_radio_1\" class=\"ff-el-form-check-input ff-el-form-check-radio\" value=\"11 bis 30 Mitarbeiter\"  id='input_radio_1_8f9a7fbb9efc4643897f7a5d670c2059' aria-label='11 l\u012bdz 30 darbinieki' aria-invalid='false' aria-required=true> <span>11 l\u012bdz 30 darbinieki<\/span><\/label><\/div><div class='ff-el-form-check ff-el-form-check-'><label class='ff-el-form-check-label' for='input_radio_1_76a1fe251a2910b80cd680f23c2c980a'><input  type=\"radio\" name=\"input_radio_1\" data-name=\"input_radio_1\" class=\"ff-el-form-check-input ff-el-form-check-radio\" value=\"31 bis 200 Mitarbeiter\"  id='input_radio_1_76a1fe251a2910b80cd680f23c2c980a' aria-label='31 l\u012bdz 200 darbinieki' aria-invalid='false' aria-required=true> <span>31 l\u012bdz 200 darbinieki<\/span><\/label><\/div><div class='ff-el-form-check ff-el-form-check-'><label class='ff-el-form-check-label' for='input_radio_1_6fb88814ebf8b1b83095b9b2fb259a8d'><input  type=\"radio\" name=\"input_radio_1\" data-name=\"input_radio_1\" class=\"ff-el-form-check-input ff-el-form-check-radio\" value=\"\u00fcber 200 Mitarbeiter\"  id='input_radio_1_6fb88814ebf8b1b83095b9b2fb259a8d' aria-label='vair\u0101k nek\u0101 200 darbinieki' aria-invalid='false' aria-required=true> <span>vair\u0101k nek\u0101 200 darbinieki<\/span><\/label><\/div><\/div><\/div><div class='step-nav ff_step_nav_last'><button style='float: left;'  type='button' data-action='prev' class='ff-btn ff-btn-prev ff-btn-secondary' aria-label='Iepriek\u0161\u0113jais'>Iepriek\u0161\u0113jais<\/button><button style='float: right;'  type='button' data-action='next' class='ff-float-right ff-btn ff-btn-next ff-btn-secondary' aria-label='N\u0101kamais'>N\u0101kamais<\/button><\/div><\/div><div style='display: none;' class=\" fluentform-step\" data-name=\"form_step-16_2\" ><div class='ff-el-group'><div class=\"ff-el-input--label ff-el-is-required\"><label   aria-label=\"Cik kvalific\u0113tus speci\u0101listus v\u0113laties pie\u0146emt darb\u0101?\">Cik kvalific\u0113tus speci\u0101listus v\u0113laties pie\u0146emt darb\u0101?<\/label><\/div><div class='ff-el-input--content'><div class='ff-el-form-check ff-el-form-check-'><label class='ff-el-form-check-label' for='input_radio_2_be47207d93e378db947627e67918e315'><input  type=\"radio\" name=\"input_radio_2\" data-name=\"input_radio_2\" class=\"ff-el-form-check-input ff-el-form-check-radio\" value=\"1 Schl\u00fcsselposition\"  id='input_radio_2_be47207d93e378db947627e67918e315' aria-label='1 atsl\u0113gpoz\u012bcija' aria-invalid='false' aria-required=true> <span>1 atsl\u0113gpoz\u012bcija<\/span><\/label><\/div><div class='ff-el-form-check ff-el-form-check-'><label class='ff-el-form-check-label' for='input_radio_2_0d86a831004905627f036a55244027b0'><input  type=\"radio\" name=\"input_radio_2\" data-name=\"input_radio_2\" class=\"ff-el-form-check-input ff-el-form-check-radio\" value=\"2 bis 4\"  id='input_radio_2_0d86a831004905627f036a55244027b0' aria-label='2 l\u012bdz 4' aria-invalid='false' aria-required=true> <span>2 l\u012bdz 4<\/span><\/label><\/div><div class='ff-el-form-check ff-el-form-check-'><label class='ff-el-form-check-label' for='input_radio_2_b1c17fabdb0e236ef76c895dfdcdd8f9'><input  type=\"radio\" name=\"input_radio_2\" data-name=\"input_radio_2\" class=\"ff-el-form-check-input ff-el-form-check-radio\" value=\"5 bis 20\"  id='input_radio_2_b1c17fabdb0e236ef76c895dfdcdd8f9' aria-label='5 l\u012bdz 20' aria-invalid='false' aria-required=true> <span>5 l\u012bdz 20<\/span><\/label><\/div><div class='ff-el-form-check ff-el-form-check-'><label class='ff-el-form-check-label' for='input_radio_2_07f33ad32365d519a5e4fb05871f176c'><input  type=\"radio\" name=\"input_radio_2\" data-name=\"input_radio_2\" class=\"ff-el-form-check-input ff-el-form-check-radio\" value=\"Mehr als 20\"  id='input_radio_2_07f33ad32365d519a5e4fb05871f176c' aria-label='Vair\u0101k nek\u0101 20' aria-invalid='false' aria-required=true> <span>Vair\u0101k nek\u0101 20<\/span><\/label><\/div><\/div><\/div><div class='step-nav ff_step_nav_last'><button style='float: left;'  type='button' data-action='prev' class='ff-btn ff-btn-prev ff-btn-secondary' aria-label='Iepriek\u0161\u0113jais'>Iepriek\u0161\u0113jais<\/button><button style='float: right;'  type='button' data-action='next' class='ff-float-right ff-btn ff-btn-next ff-btn-secondary' aria-label='N\u0101kamais'>N\u0101kamais<\/button><\/div><\/div><div style='display: none;' class=\" fluentform-step\" data-name=\"form_step-16_3\" ><div class='ff-el-group'><div class=\"ff-el-input--label ff-el-is-required\"><label   aria-label=\"Cik \u0101tri v\u0113laties pie\u0146emt darb\u0101 kvalific\u0113tus speci\u0101listus?\">Cik \u0101tri v\u0113laties pie\u0146emt darb\u0101 kvalific\u0113tus speci\u0101listus?<\/label><\/div><div class='ff-el-input--content'><div class='ff-el-form-check ff-el-form-check-'><label class='ff-el-form-check-label' for='input_radio_3_972205bdf696b03e3f29eeb00c816fef'><input  type=\"radio\" name=\"input_radio_3\" data-name=\"input_radio_3\" class=\"ff-el-form-check-input ff-el-form-check-radio\" value=\"So schnell wie m\u00f6glich (es brennt \/ Team \u00fcberlastet)\"  id='input_radio_3_972205bdf696b03e3f29eeb00c816fef' aria-label='P\u0113c iesp\u0113jas \u0101tr\u0101k (steidzami \/ komanda p\u0101rslogota)' aria-invalid='false' aria-required=true> <span>P\u0113c iesp\u0113jas \u0101tr\u0101k (steidzami \/ komanda p\u0101rslogota)<\/span><\/label><\/div><div class='ff-el-form-check ff-el-form-check-'><label class='ff-el-form-check-label' for='input_radio_3_7a289e6db8286d0092a66fe1fbd2354b'><input  type=\"radio\" name=\"input_radio_3\" data-name=\"input_radio_3\" class=\"ff-el-form-check-input ff-el-form-check-radio\" value=\"1 bis 2 Monate\"  id='input_radio_3_7a289e6db8286d0092a66fe1fbd2354b' aria-label='1 l\u012bdz 2 m\u0113ne\u0161i' aria-invalid='false' aria-required=true> <span>1 l\u012bdz 2 m\u0113ne\u0161i<\/span><\/label><\/div><div class='ff-el-form-check ff-el-form-check-'><label class='ff-el-form-check-label' for='input_radio_3_fc7428a46d18040331b83c1fa1dd49ef'><input  type=\"radio\" name=\"input_radio_3\" data-name=\"input_radio_3\" class=\"ff-el-form-check-input ff-el-form-check-radio\" value=\"Keine Eile\"  id='input_radio_3_fc7428a46d18040331b83c1fa1dd49ef' aria-label='Nav steidzami' aria-invalid='false' aria-required=true> <span>Nav steidzami<\/span><\/label><\/div><\/div><\/div><div class='step-nav ff_step_nav_last'><button style='float: left;'  type='button' data-action='prev' class='ff-btn ff-btn-prev ff-btn-secondary' aria-label='Iepriek\u0161\u0113jais'>Iepriek\u0161\u0113jais<\/button><button style='float: right;'  type='button' data-action='next' class='ff-float-right ff-btn ff-btn-next ff-btn-secondary' aria-label='N\u0101kamais'>N\u0101kamais<\/button><\/div><\/div><div style='display: none;' class=\" fluentform-step\" data-name=\"form_step-16_4\" ><div class='ff-el-group'><div class=\"ff-el-input--label ff-el-is-required\"><label for='ff_16_email' id='label_ff_16_email' aria-label=\"S\u0101ciet savu bezmaksas person\u0101la atlases anal\u012bzi tagad \u2013 pie\u0146emiet darb\u0101 kvalific\u0113tus speci\u0101listus 7 dien\u0101s.\">S\u0101ciet savu bezmaksas person\u0101la atlases anal\u012bzi tagad \u2013 pie\u0146emiet darb\u0101 kvalific\u0113tus speci\u0101listus 7 dien\u0101s.<\/label><\/div><div class='ff-el-input--content'><input type=\"email\" name=\"email\" id=\"ff_16_email\" class=\"ff-el-form-control\" placeholder=\"Darba e-pasta adrese\" data-name=\"email\"  aria-invalid=\"false\" aria-required=true><\/div><\/div><div data-type=\"name-element\" data-name=\"names\" class=\" ff-field_container ff-name-field-wrapper\" ><div class='ff-t-container'><div class='ff-t-cell '><div class='ff-el-group ff-el-form-top'><div class='ff-el-input--content'><input type=\"text\" name=\"names[first_name]\" id=\"ff_16_names_first_name_\" class=\"ff-el-form-control\" placeholder=\"V\u0101rds un uzv\u0101rds\" aria-invalid=\"false\" aria-required=true><\/div><\/div><\/div><div class='ff-t-cell '><div class='ff-el-group ff-el-form-top'><div class='ff-el-input--content'><input type=\"text\" name=\"names[last_name]\" id=\"ff_16_names_last_name_\" class=\"ff-el-form-control\" placeholder=\"Uz\u0146\u0113muma nosaukums\" aria-invalid=\"false\" aria-required=true><\/div><\/div><\/div><\/div><\/div><div class='ff-el-group'><div class='ff-el-input--content'><input name=\"phone\" class=\"ff-el-form-control ff-el-phone ff_el_with_extended_validation\" type=\"tel\" placeholder=\"T\u0101lru\u0146a numurs\" data-name=\"phone\" id=\"ff_16_phone\" inputmode=\"tel\"  aria-invalid='false' aria-required=true><\/div><\/div><div class='ff-el-group  consent-checkbox  ff-el-input--content'><div class='ff-el-form-check ff-el-tc'><label aria-label='Es piekr\u012btu priv\u0101tuma politikai' class='ff-el-form-check-label ff_tc_label' for=gdpr-agreement_a815bb93c77b9e025f4cbc9b8f83bd8d><span class='ff_tc_checkbox'><input type=\"checkbox\" name=\"gdpr-agreement\" class=\"ff-el-form-check-input ff_gdpr_field\" data-name=\"gdpr-agreement\" id=\"gdpr-agreement_a815bb93c77b9e025f4cbc9b8f83bd8d\"  value='on' aria-invalid='false' aria-required=true><\/span> <div class='ff_t_c'><p>Es piekr\u012btu priv\u0101tuma politikai<\/p><\/div><\/label><\/div><\/div>        <div class=\"ff-step-t-container ff-inner_submit_container ff-column-container ff_columns_total_2\">\n            <div class=\"ff-t-cell ff-t-column-1\"><div class='step-nav ff_step_nav_last'><button style='float: left;'  type='button' data-action='prev' class='ff-btn ff-btn-prev ff-btn-secondary' aria-label='Iepriek\u0161\u0113jais'>Iepriek\u0161\u0113jais<\/button><\/div><\/div>\n            <div class=\"ff-t-cell ff-t-column-2\">\n                <div class='ff-el-group ff-text-left ff_submit_btn_wrapper'><button type=\"submit\" class=\"ff-btn ff-btn-submit ff-btn-md ff_btn_style\"  aria-label=\"Gatavs \u2013 sa\u0146emiet rekrut\u0113\u0161anas risin\u0101jumu jau tagad\">Gatavs \u2013 sa\u0146emiet rekrut\u0113\u0161anas risin\u0101jumu jau tagad<\/button><\/div>            <\/div>\n        <\/div>\n        <\/div><\/div><\/div>\n        <\/fieldset><\/form><div id='fluentform_16_errors' class='ff-errors-in-stack ff_form_instance_16_1 ff-form-loading_errors ff_form_instance_16_1_errors'><\/div><\/div>            <script type=\"text\/javascript\">\n                window.fluent_form_ff_form_instance_16_1 = {\"id\":\"16\",\"settings\":{\"layout\":{\"labelPlacement\":\"top\",\"asteriskPlacement\":\"\",\"helpMessagePlacement\":\"after_label\",\"errorMessagePlacement\":\"inline\",\"cssClassName\":\"\"},\"restrictions\":{\"denyEmptySubmission\":{\"enabled\":false}}},\"form_instance\":\"ff_form_instance_16_1\",\"form_id_selector\":\"fluentform_16\",\"rules\":{\"input_radio\":{\"required\":{\"value\":true,\"message\":\"\\u0160is lauks ir oblig\\u0101ts.\",\"global_message\":\"This field is required\",\"global\":false}},\"input_radio_1\":{\"required\":{\"value\":true,\"message\":\"\\u0160is lauks ir oblig\\u0101ts.\",\"global_message\":\"This field is required\",\"global\":false}},\"input_radio_2\":{\"required\":{\"value\":true,\"message\":\"\\u0160is lauks ir oblig\\u0101ts.\",\"global_message\":\"This field is required\",\"global\":false}},\"input_radio_3\":{\"required\":{\"value\":true,\"message\":\"\\u0160is lauks ir oblig\\u0101ts.\",\"global_message\":\"This field is required\",\"global\":false}},\"email\":{\"required\":{\"value\":true,\"message\":\"\\u0160is lauks ir oblig\\u0101ts.\",\"global\":false,\"global_message\":\"This field is required\"},\"email\":{\"value\":false,\"message\":\"\\u0160aj\\u0101 lauk\\u0101 j\\u0101nor\\u0101da der\\u012bga e-pasta adrese.\",\"global\":false,\"global_message\":\"This field must contain a valid email\"}},\"names[first_name]\":{\"required\":{\"value\":true,\"message\":\"\\u0160is lauks ir oblig\\u0101ts.\",\"global_message\":\"This field is required\",\"global\":false}},\"names[middle_name]\":{\"required\":{\"value\":false,\"message\":\"This field is required\",\"global_message\":\"This field is required\",\"global\":true}},\"names[last_name]\":{\"required\":{\"value\":true,\"message\":\"\\u0160is lauks ir oblig\\u0101ts.\",\"global_message\":\"This field is required\",\"global\":false}},\"phone\":{\"required\":{\"value\":true,\"global\":false,\"message\":\"\\u0160is lauks ir oblig\\u0101ts.\",\"global_message\":\"This field is required\"},\"valid_phone_number\":{\"value\":true,\"global\":false,\"message\":\"T\\u0101lru\\u0146a numurs nav der\\u012bgs.\",\"global_message\":\"Phone number is not valid\"}},\"gdpr-agreement\":{\"required\":{\"value\":true,\"message\":\"\\u0160is lauks ir oblig\\u0101ts.\",\"global_message\":\"This field is required\",\"global\":false}}},\"debounce_time\":300};\n                            <\/script>\n            <\/div>\n\t\t\t\t\t\t<\/div>\n\t\t\t\t<\/div>\n\t\t\t\t\t<\/div>\n\t\t\t\t<\/div>\n\t\t\t\t<\/div>\n\t\t","protected":false},"excerpt":{"rendered":"<p>Uzziniet, k\u0101 m\u0113s str\u0101d\u0101jam Par mums J\u016bsu uzticamais person\u0101la atlases partneris un projektu nodro\u0161in\u0101\u0161an\u0101 M\u0113s esam starptautisks person\u0101la atlases uz\u0146\u0113mums, kas specializ\u0113jas b\u016bvniec\u012bbas, r\u016bpniec\u012bbas un tehnisko profesiju jom\u0101. M\u016bsu m\u0113r\u0137is ir veidot ilgtermi\u0146a partnerattiec\u012bbas starp uz\u0146\u0113mumiem un kvalific\u0113tiem speci\u0101listiem. Samazina person\u0101la tr\u016bkumu kritisk\u0101s projektu f\u0101z\u0113s Piek\u013cuve nekav\u0113joties pieejamiem un p\u0101rbaud\u012btiem speci\u0101listiem Nevainojama norise, pateicoties pieredz\u0113ju\u0161\u0101m [&hellip;]<\/p>\n","protected":false},"author":1,"featured_media":0,"parent":0,"menu_order":0,"comment_status":"closed","ping_status":"closed","template":"","meta":{"footnotes":""},"class_list":["post-3547","page","type-page","status-publish","hentry"],"_links":{"self":[{"href":"https:\/\/eswork.eu\/lv\/wp-json\/wp\/v2\/pages\/3547","targetHints":{"allow":["GET"]}}],"collection":[{"href":"https:\/\/eswork.eu\/lv\/wp-json\/wp\/v2\/pages"}],"about":[{"href":"https:\/\/eswork.eu\/lv\/wp-json\/wp\/v2\/types\/page"}],"author":[{"embeddable":true,"href":"https:\/\/eswork.eu\/lv\/wp-json\/wp\/v2\/users\/1"}],"replies":[{"embeddable":true,"href":"https:\/\/eswork.eu\/lv\/wp-json\/wp\/v2\/comments?post=3547"}],"version-history":[{"count":1,"href":"https:\/\/eswork.eu\/lv\/wp-json\/wp\/v2\/pages\/3547\/revisions"}],"predecessor-version":[{"id":3548,"href":"https:\/\/eswork.eu\/lv\/wp-json\/wp\/v2\/pages\/3547\/revisions\/3548"}],"wp:attachment":[{"href":"https:\/\/eswork.eu\/lv\/wp-json\/wp\/v2\/media?parent=3547"}],"curies":[{"name":"wp","href":"https:\/\/api.w.org\/{rel}","templated":true}]}}