{"id":3545,"date":"2024-08-06T10:38:13","date_gmt":"2024-08-06T10:38:13","guid":{"rendered":"https:\/\/eswork.eu\/vakances\/"},"modified":"2026-03-29T15:22:26","modified_gmt":"2026-03-29T15:22:26","slug":"vakances","status":"publish","type":"page","link":"https:\/\/eswork.eu\/lv\/vakances\/","title":{"rendered":"Vakances"},"content":{"rendered":"\t\t<div data-elementor-type=\"wp-page\" data-elementor-id=\"3545\" class=\"elementor elementor-3545 elementor-2402\">\n\t\t\t\t<div class=\"elementor-element elementor-element-7d26a9b e-flex e-con-boxed e-con e-parent\" data-id=\"7d26a9b\" data-element_type=\"container\" data-e-type=\"container\">\n\t\t\t\t\t<div class=\"e-con-inner\">\n\t\t\t\t<div class=\"elementor-element elementor-element-fada8ab elementor-widget elementor-widget-jobaway_hero_title\" data-id=\"fada8ab\" data-element_type=\"widget\" data-e-type=\"widget\" data-widget_type=\"jobaway_hero_title.default\">\n\t\t\t\t<div class=\"elementor-widget-container\">\n\t\t\t\t\t    \r\n    <div class=\"sec-title build-title-wrap te-box-title sec-title-animation animation-style2\">\r\n        \t\t<span class=\"sub-title title-animation te-bn-subtitle\">Aktu\u0101lie darba pied\u0101v\u0101jumi<\/span>        \t\r\n        <h2 class=\"te-bn-title title-animation jobaway-size-default\">Aktu\u0101lie darba pied\u0101v\u0101jumi kvalific\u0113tiem un pal\u012bgdarbiniekiem<\/h2>            <\/div>          \r\n    \r\n    \t\t\t\t<\/div>\n\t\t\t\t<\/div>\n\t\t\t\t<div class=\"elementor-element elementor-element-d64a9db elementor-widget elementor-widget-jobaway_job_list\" data-id=\"d64a9db\" data-element_type=\"widget\" data-e-type=\"widget\" data-widget_type=\"jobaway_job_list.default\">\n\t\t\t\t<div class=\"elementor-widget-container\">\n\t\t\t\t\t        \r\n                <div class=\"job-block-one\">\r\n                        <div class=\"upper-box\">\r\n                <ul class=\"job-info\">\r\n                                        <li><i class=\"icon-43\"><\/i>Public\u0113ts <span>2 gadiem ago<\/span><\/li>\r\n                    \t\t\t\t\t                    <li>Darba kods: <span>69e24de19cb18<\/span><\/li>\r\n                                    <\/ul>\r\n            <\/div>\r\n                        <div class=\"inner-box\">\r\n                <div class=\"title-box\">\r\n                    <div class=\"icon-box\"><i class=\"icon-44\"><\/i><\/div>\r\n                    <h3><a href=\"https:\/\/eswork.eu\/lv\/vakances\/metinatajs-111-mma\/\">Metin\u0101t\u0101js 111 (MMA)<\/a><\/h3>\r\n                                        <span>\r\n\t\t\t\t\tM\u012blheima pie R\u016bras, V\u0101cija                    <\/span>\r\n                                    <\/div>\r\n                \r\n\t\t\t\t                \r\n                                <div class=\"experience-box\">\r\n                    <h5>Nepiecie\u0161am\u0101 pieredze<\/h5>\r\n                    <span><\/span>\r\n                <\/div>\r\n                                <div class=\"btn-box\">\r\n                    <a href=\"https:\/\/eswork.eu\/lv\/vakances\/metinatajs-111-mma\/\" class=\"theme-btn btn-one\"> Skat\u012bt deta\u013cas<\/a>\r\n                <\/div>\r\n            <\/div>\r\n        <\/div>\r\n                <div class=\"job-block-one\">\r\n                        <div class=\"upper-box\">\r\n                <ul class=\"job-info\">\r\n                                        <li><i class=\"icon-43\"><\/i>Public\u0113ts <span>2 gadiem ago<\/span><\/li>\r\n                    \t\t\t\t\t                    <li>Darba kods: <span>69e24de19d29b<\/span><\/li>\r\n                                    <\/ul>\r\n            <\/div>\r\n                        <div class=\"inner-box\">\r\n                <div class=\"title-box\">\r\n                    <div class=\"icon-box\"><i class=\"icon-44\"><\/i><\/div>\r\n                    <h3><a href=\"https:\/\/eswork.eu\/lv\/vakances\/pasizgazeja-vaditajs-ce-95-kods\/\">Pa\u0161izg\u0101z\u0113ja vad\u012bt\u0101js CE (95. kods)<\/a><\/h3>\r\n                                        <span>\r\n\t\t\t\t\tOsnabrika, V\u0101cija                    <\/span>\r\n                                    <\/div>\r\n                \r\n\t\t\t\t                \r\n                                <div class=\"experience-box\">\r\n                    <h5>Nepiecie\u0161am\u0101 pieredze<\/h5>\r\n                    <span><\/span>\r\n                <\/div>\r\n                                <div class=\"btn-box\">\r\n                    <a href=\"https:\/\/eswork.eu\/lv\/vakances\/pasizgazeja-vaditajs-ce-95-kods\/\" class=\"theme-btn btn-one\"> Skat\u012bt deta\u013cas<\/a>\r\n                <\/div>\r\n            <\/div>\r\n        <\/div>\r\n         \r\n        \r\n        \t\t\t\t<\/div>\n\t\t\t\t<\/div>\n\t\t\t\t\t<\/div>\n\t\t\t\t<\/div>\n\t\t\t\t<\/div>\n\t\t","protected":false},"excerpt":{"rendered":"<p>Aktu\u0101lie darba pied\u0101v\u0101jumi Aktu\u0101lie darba pied\u0101v\u0101jumi kvalific\u0113tiem un pal\u012bgdarbiniekiem Public\u0113ts 2\u00a0Jahren ago Darba kods: 69c943b2f199b Schwei\u00dfer 111 (MMA) M\u00fclheim an der Ruhr, Deutschland Alga 18\u201322 \u20ac \/ Stunde Nepiecie\u0161am\u0101 pieredze 2 &#8211; 3 Yrs Skat\u012bt deta\u013cas Public\u0113ts 2\u00a0Jahren ago Darba kods: 69c943b2f2a63 Kipperfahrer CE (Code 95) Osnabr\u00fcck, Deutschland Alga 3.300 \u20ac (Netto) pro Monat Nepiecie\u0161am\u0101 [&hellip;]<\/p>\n","protected":false},"author":1,"featured_media":0,"parent":0,"menu_order":0,"comment_status":"closed","ping_status":"closed","template":"tpl-default-elementor.php","meta":{"footnotes":""},"class_list":["post-3545","page","type-page","status-publish","hentry"],"_links":{"self":[{"href":"https:\/\/eswork.eu\/lv\/wp-json\/wp\/v2\/pages\/3545","targetHints":{"allow":["GET"]}}],"collection":[{"href":"https:\/\/eswork.eu\/lv\/wp-json\/wp\/v2\/pages"}],"about":[{"href":"https:\/\/eswork.eu\/lv\/wp-json\/wp\/v2\/types\/page"}],"author":[{"embeddable":true,"href":"https:\/\/eswork.eu\/lv\/wp-json\/wp\/v2\/users\/1"}],"replies":[{"embeddable":true,"href":"https:\/\/eswork.eu\/lv\/wp-json\/wp\/v2\/comments?post=3545"}],"version-history":[{"count":1,"href":"https:\/\/eswork.eu\/lv\/wp-json\/wp\/v2\/pages\/3545\/revisions"}],"predecessor-version":[{"id":3546,"href":"https:\/\/eswork.eu\/lv\/wp-json\/wp\/v2\/pages\/3545\/revisions\/3546"}],"wp:attachment":[{"href":"https:\/\/eswork.eu\/lv\/wp-json\/wp\/v2\/media?parent=3545"}],"curies":[{"name":"wp","href":"https:\/\/api.w.org\/{rel}","templated":true}]}}