{"id":3499,"date":"2024-07-09T12:10:34","date_gmt":"2024-07-09T12:10:34","guid":{"rendered":"https:\/\/eswork.eu\/kontakti\/"},"modified":"2026-03-29T15:21:48","modified_gmt":"2026-03-29T15:21:48","slug":"kontakti","status":"publish","type":"page","link":"https:\/\/eswork.eu\/lv\/kontakti\/","title":{"rendered":"Kontakti"},"content":{"rendered":"\t\t<div data-elementor-type=\"wp-page\" data-elementor-id=\"3499\" class=\"elementor elementor-3499 elementor-49\">\n\t\t\t\t<div class=\"elementor-element elementor-element-4cb989d e-flex e-con-boxed e-con e-parent\" data-id=\"4cb989d\" data-element_type=\"container\" data-e-type=\"container\">\n\t\t\t\t\t<div class=\"e-con-inner\">\n\t\t<div class=\"elementor-element elementor-element-a917158 e-con-full e-flex e-con e-child\" data-id=\"a917158\" data-element_type=\"container\" data-e-type=\"container\">\n\t\t<div class=\"elementor-element elementor-element-c84d55c e-con-full e-flex e-con e-child\" data-id=\"c84d55c\" data-element_type=\"container\" data-e-type=\"container\">\n\t\t<div class=\"elementor-element elementor-element-1dd4c6f e-con-full e-flex e-con e-child\" data-id=\"1dd4c6f\" data-element_type=\"container\" data-e-type=\"container\" data-settings=\"{&quot;background_background&quot;:&quot;classic&quot;}\">\n\t\t\t\t<div class=\"elementor-element elementor-element-055aa48 elementor-widget elementor-widget-heading\" data-id=\"055aa48\" data-element_type=\"widget\" data-e-type=\"widget\" data-widget_type=\"heading.default\">\n\t\t\t\t\t<h3 class=\"elementor-heading-title elementor-size-default\">Kontaktinform\u0101cija<\/h3>\t\t\t\t<\/div>\n\t\t\t\t<div class=\"elementor-element elementor-element-c4069e4 elementor-widget elementor-widget-jobaway_call_widget\" data-id=\"c4069e4\" data-element_type=\"widget\" data-e-type=\"widget\" data-widget_type=\"jobaway_call_widget.default\">\n\t\t\t\t<div class=\"elementor-widget-container\">\n\t\t\t\t\t    \r\n\t    \r\n    <!-- contact-section -->\r\n    <section class=\"contact-section p-0 m-0\">\r\n    \t<div class=\"info-box\">\r\n            <div class=\"single-item\">\r\n                <div class=\"icon-box\">\r\n                \t                        <img decoding=\"async\" src=\"https:\/\/eswork.eu\/wp-content\/uploads\/2024\/07\/icon-27-1.png\" title=\"icon-27\" alt=\"icon-27\" loading=\"lazy\" \/>                                    <\/div>\r\n                <h4>Birojs<\/h4>                <p>Jaunmoku iela 34, LV-1046, R\u012bga, Latvija<\/p>            <\/div>\r\n    \t<\/div>\r\n    <\/section>\r\n            \r\n                       \r\n    \t\t\t\t<\/div>\n\t\t\t\t<\/div>\n\t\t\t\t<div class=\"elementor-element elementor-element-f7a5779 elementor-widget elementor-widget-jobaway_call_widget\" data-id=\"f7a5779\" data-element_type=\"widget\" data-e-type=\"widget\" data-widget_type=\"jobaway_call_widget.default\">\n\t\t\t\t<div class=\"elementor-widget-container\">\n\t\t\t\t\t    \r\n\t    \r\n    <!-- contact-section -->\r\n    <section class=\"contact-section p-0 m-0\">\r\n    \t<div class=\"info-box\">\r\n            <div class=\"single-item\">\r\n                <div class=\"icon-box\">\r\n                \t                        <img decoding=\"async\" src=\"https:\/\/eswork.eu\/wp-content\/uploads\/2024\/07\/icon-27-1.png\" title=\"icon-27\" alt=\"icon-27\" loading=\"lazy\" \/>                                    <\/div>\r\n                <h4>Birojs 2<\/h4>                <p>Apenrader Str. 66B, 24939 Flensburg, V\u0101cija<\/p>            <\/div>\r\n    \t<\/div>\r\n    <\/section>\r\n            \r\n                       \r\n    \t\t\t\t<\/div>\n\t\t\t\t<\/div>\n\t\t\t\t<div class=\"elementor-element elementor-element-dbe9eb8 elementor-widget elementor-widget-jobaway_call_widget\" data-id=\"dbe9eb8\" data-element_type=\"widget\" data-e-type=\"widget\" data-widget_type=\"jobaway_call_widget.default\">\n\t\t\t\t<div class=\"elementor-widget-container\">\n\t\t\t\t\t    \r\n\t    \r\n    <!-- contact-section -->\r\n    <section class=\"contact-section p-0 m-0\">\r\n    \t<div class=\"info-box\">\r\n            <div class=\"single-item\">\r\n                <div class=\"icon-box\">\r\n                \t                        <img decoding=\"async\" src=\"https:\/\/eswork.eu\/wp-content\/uploads\/2024\/07\/icon-28-1.png\" title=\"icon-28\" alt=\"icon-28\" loading=\"lazy\" \/>                                    <\/div>\r\n                <h4>E-pasta adrese<\/h4>                                <p><a href=\"mailto:info@eswork.eu\">info@eswork.eu<\/a><\/p>\r\n\t\t\t\t            <\/div>\r\n    \t<\/div>\r\n    <\/section>\r\n       \r\n                       \r\n    \t\t\t\t<\/div>\n\t\t\t\t<\/div>\n\t\t\t\t<div class=\"elementor-element elementor-element-16eba19 elementor-widget elementor-widget-jobaway_call_widget\" data-id=\"16eba19\" data-element_type=\"widget\" data-e-type=\"widget\" data-widget_type=\"jobaway_call_widget.default\">\n\t\t\t\t<div class=\"elementor-widget-container\">\n\t\t\t\t\t    \r\n\t    \r\n    <!-- contact-section -->\r\n    <section class=\"contact-section p-0 m-0\">\r\n    \t<div class=\"info-box\">\r\n            <div class=\"single-item\">\r\n                <div class=\"icon-box\">\r\n                \t                        <img decoding=\"async\" src=\"https:\/\/eswork.eu\/wp-content\/uploads\/2024\/07\/icon-29-1.png\" title=\"icon-29\" alt=\"icon-29\" loading=\"lazy\" \/>                                    <\/div>\r\n                <h4>T\u0101lru\u0146a numurs<\/h4>                                <p><a href=\"tel:+49 152 25362172\">+49 152 25362172<\/a><br \/><a href=\"tel:+371 25 296 639\">+371 25 296 639<\/a><\/p>\r\n                            <\/div>\r\n    \t<\/div>\r\n    <\/section>\r\n    \r\n                       \r\n    \t\t\t\t<\/div>\n\t\t\t\t<\/div>\n\t\t\t\t<\/div>\n\t\t<div class=\"elementor-element elementor-element-4ccd1b3 e-con-full e-flex e-con e-child\" data-id=\"4ccd1b3\" data-element_type=\"container\" data-e-type=\"container\">\n\t\t\t\t<div class=\"elementor-element elementor-element-51be617 elementor-widget elementor-widget-shortcode\" data-id=\"51be617\" data-element_type=\"widget\" data-e-type=\"widget\" data-widget_type=\"shortcode.default\">\n\t\t\t\t\t\t\t<div class=\"elementor-shortcode\"><div class='fluentform ff-default fluentform_wrapper_1 ffs_default_wrap'><form data-form_id=\"1\" id=\"fluentform_1\" class=\"frm-fluent-form fluent_form_1 ff-el-form-top ff_form_instance_1_1 ff-form-loading ffs_default\" data-form_instance=\"ff_form_instance_1_1\" method=\"POST\" ><fieldset  style=\"border: none!important;margin: 0!important;padding: 0!important;background-color: transparent!important;box-shadow: none!important;outline: none!important; min-inline-size: 100%;\">\n                    <legend class=\"ff_screen_reader_title\" style=\"display: block; margin: 0!important;padding: 0!important;height: 0!important;text-indent: -999999px;width: 0!important;overflow:hidden;\">Kontaktformular<\/legend><input type='hidden' name='__fluent_form_embded_post_id' value='3499' \/><input type=\"hidden\" id=\"_fluentform_1_fluentformnonce\" name=\"_fluentform_1_fluentformnonce\" value=\"12a1bfb143\" \/><input type=\"hidden\" name=\"_wp_http_referer\" value=\"\/lv\/wp-json\/wp\/v2\/pages\/3499\" \/><div data-name=\"ff_cn_id_1\"  class='ff-t-container ff-column-container ff_columns_total_2 '><div class='ff-t-cell ff-t-column-1' style='flex-basis: 50%;'><div class='ff-el-group'><div class=\"ff-el-input--label ff-el-is-required asterisk-right\"><label for='ff_1_input_text' id='label_ff_1_input_text' aria-label=\"J\u016bsu v\u0101rds\">J\u016bsu v\u0101rds<\/label><\/div><div class='ff-el-input--content'><input type=\"text\" name=\"input_text\" class=\"ff-el-form-control\" placeholder=\"V\u0101rds un uzv\u0101rds\" data-name=\"input_text\" id=\"ff_1_input_text\"  aria-invalid=\"false\" aria-required=true><\/div><\/div><\/div><div class='ff-t-cell ff-t-column-2' style='flex-basis: 50%;'><div class='ff-el-group'><div class=\"ff-el-input--label ff-el-is-required asterisk-right\"><label for='ff_1_email' id='label_ff_1_email' aria-label=\"J\u016bsu e-pasta adrese\">J\u016bsu e-pasta adrese<\/label><\/div><div class='ff-el-input--content'><input type=\"email\" name=\"email\" id=\"ff_1_email\" class=\"ff-el-form-control\" placeholder=\"piem\u0113ram, vards@piemers.lv\" data-name=\"email\"  aria-invalid=\"false\" aria-required=true><\/div><\/div><\/div><\/div><div class='ff-el-group'><div class=\"ff-el-input--label ff-el-is-required asterisk-right\"><label for='ff_1_phone' id='label_ff_1_phone' aria-label=\"T\u0101lru\u0146a numurs\">T\u0101lru\u0146a numurs<\/label><\/div><div class='ff-el-input--content'><input name=\"phone\" class=\"ff-el-form-control ff-el-phone ff_el_with_extended_validation\" type=\"tel\" placeholder=\"piem\u0113ram, +371 2XXXXXXXX\" data-name=\"phone\" id=\"ff_1_phone\" inputmode=\"tel\"  aria-invalid='false' aria-required=true><\/div><\/div><div class='ff-el-group'><div class=\"ff-el-input--label ff-el-is-required asterisk-right\"><label for='ff_1_description' id='label_ff_1_description' aria-label=\"Temats\">Temats<\/label><\/div><div class='ff-el-input--content'><textarea aria-required=\"true\" aria-labelledby=\"label_ff_1_description\" name=\"description\" id=\"ff_1_description\" class=\"ff-el-form-control\" placeholder=\"piem\u0113ram, jaut\u0101jums, sadarb\u012bba\u2026\" rows=\"2\" cols=\"1\" data-name=\"description\" ><\/textarea><\/div><\/div><div class='ff-el-group'><div class=\"ff-el-input--label ff-el-is-required asterisk-right\"><label for='ff_1_message' id='label_ff_1_message' aria-label=\"J\u016bsu zi\u0146ojums\">J\u016bsu zi\u0146ojums<\/label><\/div><div class='ff-el-input--content'><textarea aria-required=\"true\" aria-labelledby=\"label_ff_1_message\" name=\"message\" id=\"ff_1_message\" class=\"ff-el-form-control\" placeholder=\"Rakstiet savu zi\u0146ojumu \u0161eit\u2026\" rows=\"4\" cols=\"2\" data-name=\"message\" ><\/textarea><\/div><\/div><div class='ff-el-group    ff-el-input--content'><div class='ff-el-form-check ff-el-tc'><label aria-label='Es piekr\u012btu priv\u0101tuma politikai' class='ff-el-form-check-label ff_tc_label' for=gdpr-agreement_0e50520d8d9b757d1be840172cb1c0f1><span class='ff_tc_checkbox'><input type=\"checkbox\" name=\"gdpr-agreement\" class=\"ff-el-form-check-input ff_gdpr_field\" data-name=\"gdpr-agreement\" id=\"gdpr-agreement_0e50520d8d9b757d1be840172cb1c0f1\"  value='on' aria-invalid='false' aria-required=true><\/span> <div class='ff_t_c'>Es piekr\u012btu priv\u0101tuma politikai<\/div><\/label><\/div><\/div><div class='ff-el-group ff-text-left ff_submit_btn_wrapper'><button type=\"submit\" class=\"ff-btn ff-btn-submit ff-btn-md ff_btn_style\"  aria-label=\"Sazin\u0101ties\">Sazin\u0101ties<\/button><\/div><\/fieldset><\/form><div id='fluentform_1_errors' class='ff-errors-in-stack ff_form_instance_1_1 ff-form-loading_errors ff_form_instance_1_1_errors'><\/div><\/div>            <script type=\"text\/javascript\">\n                window.fluent_form_ff_form_instance_1_1 = {\"id\":\"1\",\"settings\":{\"layout\":{\"labelPlacement\":\"top\",\"helpMessagePlacement\":\"with_label\",\"errorMessagePlacement\":\"inline\",\"cssClassName\":\"\",\"asteriskPlacement\":\"asterisk-right\"},\"restrictions\":{\"denyEmptySubmission\":{\"enabled\":false}}},\"form_instance\":\"ff_form_instance_1_1\",\"form_id_selector\":\"fluentform_1\",\"rules\":{\"input_text\":{\"required\":{\"value\":true,\"message\":\"\\u0160is lauks ir oblig\\u0101ts.\",\"global_message\":\"This field is required\",\"global\":false}},\"email\":{\"required\":{\"value\":true,\"message\":\"\\u0160is lauks ir oblig\\u0101ts.\",\"global\":false,\"global_message\":\"This field is required\"},\"email\":{\"value\":true,\"message\":\"\\u0160im laukam j\\u0101ietver der\\u012bga e-pasta adrese.\",\"global\":false,\"global_message\":\"This field must contain a valid email\"}},\"phone\":{\"required\":{\"value\":true,\"global\":false,\"message\":\"\\u0160is lauks ir oblig\\u0101ts.\",\"global_message\":\"This field is required\"},\"valid_phone_number\":{\"value\":true,\"global\":false,\"message\":\"T\\u0101lru\\u0146a numurs nav der\\u012bgs.\",\"global_message\":\"Phone number is not valid\"}},\"description\":{\"required\":{\"value\":true,\"message\":\"\\u0160is lauks ir oblig\\u0101ts.\",\"global_message\":\"This field is required\",\"global\":false}},\"message\":{\"required\":{\"value\":true,\"message\":\"\\u0160is lauks ir oblig\\u0101ts.\",\"global\":false,\"global_message\":\"This field is required\"}},\"gdpr-agreement\":{\"required\":{\"value\":true,\"message\":\"\\u0160is lauks ir oblig\\u0101ts.\",\"global_message\":\"This field is required\",\"global\":false}}},\"debounce_time\":300};\n                            <\/script>\n            <\/div>\n\t\t\t\t\t\t<\/div>\n\t\t\t\t<\/div>\n\t\t\t\t<\/div>\n\t\t\t\t<\/div>\n\t\t\t\t\t<\/div>\n\t\t\t\t<\/div>\n\t\t<div class=\"elementor-element elementor-element-3b43be2 e-con-full e-flex e-con e-parent\" data-id=\"3b43be2\" data-element_type=\"container\" data-e-type=\"container\">\n\t\t<div class=\"elementor-element elementor-element-0f10463 e-grid e-con-boxed e-con e-child\" data-id=\"0f10463\" data-element_type=\"container\" data-e-type=\"container\">\n\t\t\t\t\t<div class=\"e-con-inner\">\n\t\t\t\t<div class=\"elementor-element elementor-element-ff148ec elementor-widget elementor-widget-jobaway_google_map\" data-id=\"ff148ec\" data-element_type=\"widget\" data-e-type=\"widget\" data-widget_type=\"jobaway_google_map.default\">\n\t\t\t\t<div class=\"elementor-widget-container\">\n\t\t\t\t\t    \r\n        \r\n        <!-- google-map -->\r\n    <section class=\"google-map pb_80\">\r\n        <div class=\"auto-container\">\r\n            <div class=\"inner-container\">\r\n                <iframe src=\"https:\/\/www.google.com\/maps\/embed?pb=!1m18!1m12!1m3!1d1354851.3869713515!2d23.385917680856036!3d56.76103298251768!2m3!1f0!2f0!3f0!3m2!1i1024!2i768!4f13.1!3m3!1m2!1s0x46eed07201d92ce3%3A0x26b31d0a6e6a22ad!2sJaunmoku%20iela%2034%2C%20Zemgales%20priek%C5%A1pils%C4%93ta%2C%20R%C4%ABga%2C%20LV-1046!5e0!3m2!1sru!2slv!4v1769542780031!5m2!1sru!2slv\" width=\"600\" height=\"450\" style=\"border:0;\" allowfullscreen=\"\" loading=\"lazy\" referrerpolicy=\"no-referrer-when-downgrade\"><\/iframe>            <\/div>\r\n        <\/div>\r\n    <\/section>\r\n    <!-- google-map end -->\r\n            \r\n       \r\n    \t\t\t\t<\/div>\n\t\t\t\t<\/div>\n\t\t\t\t<div class=\"elementor-element elementor-element-420897c elementor-widget elementor-widget-jobaway_google_map\" data-id=\"420897c\" data-element_type=\"widget\" data-e-type=\"widget\" data-widget_type=\"jobaway_google_map.default\">\n\t\t\t\t<div class=\"elementor-widget-container\">\n\t\t\t\t\t    \r\n        \r\n        <!-- google-map -->\r\n    <section class=\"google-map pb_80\">\r\n        <div class=\"auto-container\">\r\n            <div class=\"inner-container\">\r\n                <iframe src=\"https:\/\/www.google.com\/maps\/embed?pb=!1m18!1m12!1m3!1d1095388.6213432674!2d8.902611034454878!3d54.21432272912285!2m3!1f0!2f0!3f0!3m2!1i1024!2i768!4f13.1!3m3!1m2!1s0x47b342d0344ca1bd%3A0x9851b70dbb32d2c2!2zQXBlbnJhZGVyIFN0ci4sIDI0OTM5IEZsZW5zYnVyZy1LbHVlcywg0JPQtdGA0LzQsNC90LjRjw!5e0!3m2!1sru!2slv!4v1769696010383!5m2!1sru!2slv\" width=\"600\" height=\"450\" style=\"border:0;\" allowfullscreen=\"\" loading=\"lazy\" referrerpolicy=\"no-referrer-when-downgrade\"><\/iframe>            <\/div>\r\n        <\/div>\r\n    <\/section>\r\n    <!-- google-map end -->\r\n            \r\n       \r\n    \t\t\t\t<\/div>\n\t\t\t\t<\/div>\n\t\t\t\t\t<\/div>\n\t\t\t\t<\/div>\n\t\t\t\t<\/div>\n\t\t\t\t<\/div>\n\t\t","protected":false},"excerpt":{"rendered":"<p>Kontaktinform\u0101cija Birojs Jaunmoku iela 34, LV-1046, R\u012bga, Latvija Birojs 2 Apenrader Str. 66B, 24939 Flensburg, V\u0101cija E-pasta adrese info@eswork.eu T\u0101lru\u0146a numurs +49 152 25362172+371 25 296 639<\/p>\n","protected":false},"author":1,"featured_media":0,"parent":0,"menu_order":0,"comment_status":"closed","ping_status":"closed","template":"tpl-default-elementor.php","meta":{"footnotes":""},"class_list":["post-3499","page","type-page","status-publish","hentry"],"_links":{"self":[{"href":"https:\/\/eswork.eu\/lv\/wp-json\/wp\/v2\/pages\/3499","targetHints":{"allow":["GET"]}}],"collection":[{"href":"https:\/\/eswork.eu\/lv\/wp-json\/wp\/v2\/pages"}],"about":[{"href":"https:\/\/eswork.eu\/lv\/wp-json\/wp\/v2\/types\/page"}],"author":[{"embeddable":true,"href":"https:\/\/eswork.eu\/lv\/wp-json\/wp\/v2\/users\/1"}],"replies":[{"embeddable":true,"href":"https:\/\/eswork.eu\/lv\/wp-json\/wp\/v2\/comments?post=3499"}],"version-history":[{"count":1,"href":"https:\/\/eswork.eu\/lv\/wp-json\/wp\/v2\/pages\/3499\/revisions"}],"predecessor-version":[{"id":3503,"href":"https:\/\/eswork.eu\/lv\/wp-json\/wp\/v2\/pages\/3499\/revisions\/3503"}],"wp:attachment":[{"href":"https:\/\/eswork.eu\/lv\/wp-json\/wp\/v2\/media?parent=3499"}],"curies":[{"name":"wp","href":"https:\/\/api.w.org\/{rel}","templated":true}]}}